{"id":3618,"date":"2021-02-01T20:34:53","date_gmt":"2021-02-01T20:34:53","guid":{"rendered":"https:\/\/probance.com\/about\/"},"modified":"2023-11-23T22:00:23","modified_gmt":"2023-11-23T22:00:23","slug":"conocenos","status":"publish","type":"page","link":"https:\/\/probance.com\/es\/conocenos\/","title":{"rendered":"Con\u00f3cenos"},"content":{"rendered":"<p>[et_pb_section fb_built=\u00bb1&#8243; custom_padding_last_edited=\u00bbon|tablet\u00bb admin_label=\u00bbIntro fond noir\u00bb _builder_version=\u00bb4.16&#8243; _module_preset=\u00bbdefault\u00bb background_color=\u00bb#000000&#8243; custom_margin=\u00bb||||false|false\u00bb custom_padding=\u00bb250px||190px||false|false\u00bb custom_padding_tablet=\u00bb100px||100px||false|false\u00bb custom_padding_phone=\u00bb\u00bb global_colors_info=\u00bb{}\u00bb][et_pb_row column_structure=\u00bb1_2,1_2&#8243; make_equal=\u00bbon\u00bb _builder_version=\u00bb4.16&#8243; _module_preset=\u00bbdefault\u00bb width=\u00bb84%\u00bb max_width=\u00bb2560px\u00bb custom_css_main_element=\u00bbalign-items:center;\u00bb global_colors_info=\u00bb{}\u00bb][et_pb_column type=\u00bb1_2&#8243; _builder_version=\u00bb4.16&#8243; _module_preset=\u00bbdefault\u00bb global_colors_info=\u00bb{}\u00bb][et_pb_image src=\u00bbhttps:\/\/probance.com\/wp-content\/uploads\/\/2021\/02\/logo-construction.svg\u00bb title_text=\u00bblogo-construction\u00bb align=\u00bbcenter\u00bb _builder_version=\u00bb4.16&#8243; _module_preset=\u00bbdefault\u00bb width=\u00bb419px\u00bb width_tablet=\u00bb100%\u00bb width_phone=\u00bb\u00bb width_last_edited=\u00bbon|phone\u00bb global_colors_info=\u00bb{}\u00bb][\/et_pb_image][\/et_pb_column][et_pb_column type=\u00bb1_2&#8243; _builder_version=\u00bb4.16&#8243; _module_preset=\u00bbdefault\u00bb global_colors_info=\u00bb{}\u00bb][et_pb_text _builder_version=\u00bb4.16&#8243; _module_preset=\u00bbdefault\u00bb text_text_color=\u00bb#FFFFFF\u00bb header_text_color=\u00bb#FFFFFF\u00bb width=\u00bb70%\u00bb global_colors_info=\u00bb{}\u00bb]<\/p>\n<h1>Acerca de Probance<\/h1>\n<p>Proporcionamos a peque\u00f1os equipos el marketing automatizado que utilizan las grandes marcas. Probance es la \u00fanica empresa capaz de ofrecer una soluci\u00f3n de marketing automatizado creada desde cero y dise\u00f1ada para implementarse, personalizarse y optimizarse en un tiempo asombroso y a un precio asequible.<\/p>\n<p>[\/et_pb_text][\/et_pb_column][\/et_pb_row][\/et_pb_section][et_pb_section fb_built=\u00bb1&#8243; admin_label=\u00bbTexte + visuel\u00bb _builder_version=\u00bb4.16&#8243; _module_preset=\u00bbdefault\u00bb custom_padding=\u00bb0px||0px||false|false\u00bb global_colors_info=\u00bb{}\u00bb][et_pb_row column_structure=\u00bb1_2,1_2&#8243; use_custom_gutter=\u00bbon\u00bb gutter_width=\u00bb1&#8243; make_equal=\u00bbon\u00bb _builder_version=\u00bb4.16&#8243; _module_preset=\u00bbdefault\u00bb width=\u00bb100%\u00bb max_width=\u00bb2560px\u00bb custom_padding=\u00bb0px||0px||false|false\u00bb global_colors_info=\u00bb{}\u00bb][et_pb_column type=\u00bb1_2&#8243; _builder_version=\u00bb4.16&#8243; _module_preset=\u00bbdefault\u00bb background_color=\u00bb#AABAC7&#8243; custom_padding=\u00bb190px|8%|190px|8%|false|false\u00bb custom_padding_tablet=\u00bb50px|8%|50px|8%|false|false\u00bb custom_padding_phone=\u00bb\u00bb custom_padding_last_edited=\u00bbon|desktop\u00bb global_colors_info=\u00bb{}\u00bb][et_pb_text _builder_version=\u00bb4.16&#8243; _module_preset=\u00bbdefault\u00bb header_2_font_size=\u00bb60px\u00bb custom_margin=\u00bb||30px||false|false\u00bb global_colors_info=\u00bb{}\u00bb]<\/p>\n<h2>Nuestra historia<\/h2>\n<p>[\/et_pb_text][et_pb_text _builder_version=\u00bb4.16&#8243; _module_preset=\u00bbdefault\u00bb width=\u00bb100%\u00bb width_tablet=\u00bb100%\u00bb width_phone=\u00bb\u00bb width_last_edited=\u00bbon|desktop\u00bb global_colors_info=\u00bb{}\u00bb]<\/p>\n<p>La clave de un buen marketing es conseguir que los clientes vivan experiencias \u00fanicas que les inciten a querer m\u00e1s. \u00bfEl secreto? La atenci\u00f3n al detalle. Los detalles estimulan las ventas.<\/p>\n<p>De esto se dio cuenta nuestro director general hace 13 a\u00f1os, cuando Amazon le envi\u00f3 unas recomendaciones de libros. Cu\u00e1l ser\u00eda su sorpresa al ver que dos de esos libros ya luc\u00edan en su biblioteca personal. Como buen apasionado de las matem\u00e1ticas, decidi\u00f3 aplicar sus enormes conocimientos en IA y sistemas de modelado de datos para lograr un nivel de personalizaci\u00f3n que pudiera aplicarse a todos los sectores.<\/p>\n<p>Durante m\u00e1s de diez a\u00f1os, nuestra empresa ha desarrollado una soluci\u00f3n que ayuda a grandes marcas de todo el mundo a implementar un marketing m\u00e1s personalizado. <\/p>\n<p>[\/et_pb_text][et_pb_text _builder_version=\u00bb4.16&#8243; _module_preset=\u00bbdefault\u00bb text_font=\u00bbArchia Regular||||||||\u00bb text_text_color=\u00bb#FFFFFF\u00bb text_font_size=\u00bb30px\u00bb custom_margin=\u00bb50px||||false|false\u00bb global_colors_info=\u00bb{}\u00bb]<\/p>\n<p>Ahora, te toca a ti.<\/p>\n<p>[\/et_pb_text][\/et_pb_column][et_pb_column type=\u00bb1_2&#8243; _builder_version=\u00bb4.16&#8243; _module_preset=\u00bbdefault\u00bb background_image=\u00bbhttps:\/\/probance.com\/wp-content\/uploads\/2021\/02\/about-visuel.jpg\u00bb custom_css_main_element=\u00bbdisplay: flex;||flex-direction: column;||justify-content: center;\u00bb global_colors_info=\u00bb{}\u00bb][\/et_pb_column][\/et_pb_row][\/et_pb_section][et_pb_section fb_built=\u00bb1&#8243; custom_padding_last_edited=\u00bbon|phone\u00bb admin_label=\u00bbMap + Adresses\u00bb _builder_version=\u00bb4.16&#8243; _module_preset=\u00bbdefault\u00bb background_image=\u00bbhttps:\/\/probance.com\/wp-content\/uploads\/2021\/03\/MAP.png\u00bb background_size=\u00bbinitial\u00bb background_position=\u00bbbottom_right\u00bb custom_margin=\u00bb||100px||false|false\u00bb custom_margin_tablet=\u00bb||0px||false|false\u00bb custom_margin_phone=\u00bb\u00bb custom_margin_last_edited=\u00bbon|tablet\u00bb custom_padding=\u00bb100px||180px||false|false\u00bb custom_padding_tablet=\u00bb100px||450px||false|false\u00bb custom_padding_phone=\u00bb50px||50px||false|false\u00bb background_last_edited=\u00bbon|phone\u00bb background_enable_image_phone=\u00bboff\u00bb background_size_phone=\u00bbcontain\u00bb global_colors_info=\u00bb{}\u00bb][et_pb_row _builder_version=\u00bb4.16&#8243; _module_preset=\u00bbdefault\u00bb width=\u00bb84%\u00bb max_width=\u00bb2560px\u00bb global_colors_info=\u00bb{}\u00bb][et_pb_column type=\u00bb4_4&#8243; _builder_version=\u00bb4.16&#8243; _module_preset=\u00bbdefault\u00bb global_colors_info=\u00bb{}\u00bb][et_pb_text _builder_version=\u00bb4.16&#8243; _module_preset=\u00bbdefault\u00bb header_2_text_color=\u00bb#000000&#8243; header_2_font_size=\u00bb60px\u00bb custom_margin=\u00bb||60px||false|false\u00bb custom_margin_tablet=\u00bb\u00bb custom_margin_phone=\u00bb||0px||false|false\u00bb custom_margin_last_edited=\u00bbon|phone\u00bb custom_padding_tablet=\u00bb\u00bb custom_padding_phone=\u00bb||0px||false|false\u00bb custom_padding_last_edited=\u00bbon|phone\u00bb global_colors_info=\u00bb{}\u00bb]<\/p>\n<h2>Presencia <strong>internacional<\/strong><\/h2>\n<p>[\/et_pb_text][\/et_pb_column][\/et_pb_row][et_pb_row column_structure=\u00bb1_5,1_5,1_5,1_5,1_5&#8243; _builder_version=\u00bb4.16&#8243; _module_preset=\u00bbdefault\u00bb width=\u00bb84%\u00bb max_width=\u00bb2560px\u00bb custom_margin=\u00bb||220px||false|false\u00bb custom_margin_tablet=\u00bb||50px||false|false\u00bb custom_margin_phone=\u00bb\u00bb custom_margin_last_edited=\u00bbon|desktop\u00bb global_colors_info=\u00bb{}\u00bb][et_pb_column type=\u00bb1_5&#8243; _builder_version=\u00bb4.16&#8243; _module_preset=\u00bbdefault\u00bb global_colors_info=\u00bb{}\u00bb][et_pb_text _builder_version=\u00bb4.16&#8243; _module_preset=\u00bbdefault\u00bb header_3_font=\u00bbArchia Medium||||||||\u00bb header_3_text_color=\u00bb#000000&#8243; header_3_line_height=\u00bb1.8em\u00bb global_colors_info=\u00bb{}\u00bb]<\/p>\n<h3>[Francia]<\/h3>\n<p>Probance SAS_<br \/>4-6 rue d&#8217;Orl\u00e9ans<br \/>177 Bureaux de La Colline<br \/>92210 St Cloud<\/p>\n<p>[\/et_pb_text][\/et_pb_column][et_pb_column type=\u00bb1_5&#8243; _builder_version=\u00bb4.16&#8243; _module_preset=\u00bbdefault\u00bb global_colors_info=\u00bb{}\u00bb][et_pb_text _builder_version=\u00bb4.17.4&#8243; _module_preset=\u00bbdefault\u00bb header_3_font=\u00bbArchia Medium||||||||\u00bb header_3_text_color=\u00bb#000000&#8243; header_3_line_height=\u00bb1.8em\u00bb global_colors_info=\u00bb{}\u00bb]<\/p>\n<h3>[Canad\u00e1]<\/h3>\n<p>Probance America Inc_<br \/>1455 rue Drummond<br \/>bureau 2B<br \/>Montr\u00e9al QC H3G1W3<\/p>\n<p>[\/et_pb_text][\/et_pb_column][et_pb_column type=\u00bb1_5&#8243; _builder_version=\u00bb4.16&#8243; _module_preset=\u00bbdefault\u00bb global_colors_info=\u00bb{}\u00bb][et_pb_text _builder_version=\u00bb4.23.1&#8243; _module_preset=\u00bbdefault\u00bb header_3_font=\u00bbArchia Medium||||||||\u00bb header_3_text_color=\u00bb#000000&#8243; header_3_line_height=\u00bb1.8em\u00bb hover_enabled=\u00bb0&#8243; global_colors_info=\u00bb{}\u00bb sticky_enabled=\u00bb0&#8243;]<\/p>\n<h3>[Espa\u00f1a]<\/h3>\n<p>Probance Spain-2004_<br \/>Calle G\u00f3ngora 1, Pent\u00e1gono Building Mezzanine, Office 1. Campanar<br \/>46015 Valencia<\/p>\n<p>[\/et_pb_text][\/et_pb_column][et_pb_column type=\u00bb1_5&#8243; _builder_version=\u00bb4.16&#8243; _module_preset=\u00bbdefault\u00bb global_colors_info=\u00bb{}\u00bb][et_pb_text _builder_version=\u00bb4.17.4&#8243; _module_preset=\u00bbdefault\u00bb header_3_font=\u00bbArchia Medium||||||||\u00bb header_3_text_color=\u00bb#000000&#8243; header_3_line_height=\u00bb1.8em\u00bb global_colors_info=\u00bb{}\u00bb]<\/p>\n<h3>[Jap\u00f3n]<\/h3>\n<p>Probance Japan LLC_<br \/>2-2-2 Nihonbashi Honcho YS Building 2F<br \/>Nihonbashi Honcho Chuo-ku, Tokyo, Japan<\/p>\n<p>[\/et_pb_text][\/et_pb_column][et_pb_column type=\u00bb1_5&#8243; _builder_version=\u00bb4.16&#8243; _module_preset=\u00bbdefault\u00bb global_colors_info=\u00bb{}\u00bb][\/et_pb_column][\/et_pb_row][et_pb_row disabled_on=\u00bboff|on|on\u00bb admin_label=\u00bbMap monde mobile\u00bb _builder_version=\u00bb4.16&#8243; _module_preset=\u00bbdefault\u00bb width=\u00bb84%\u00bb max_width=\u00bb2560px\u00bb custom_margin_tablet=\u00bb\u00bb custom_margin_phone=\u00bb-90px||||false|false\u00bb custom_margin_last_edited=\u00bbon|phone\u00bb global_colors_info=\u00bb{}\u00bb][et_pb_column type=\u00bb4_4&#8243; _builder_version=\u00bb4.16&#8243; _module_preset=\u00bbdefault\u00bb global_colors_info=\u00bb{}\u00bb][et_pb_image src=\u00bbhttps:\/\/probance.com\/wp-content\/uploads\/2021\/03\/MAP.png\u00bb title_text=\u00bbMAP\u00bb align=\u00bbcenter\u00bb force_fullwidth=\u00bbon\u00bb _builder_version=\u00bb4.16&#8243; _module_preset=\u00bbdefault\u00bb global_colors_info=\u00bb{}\u00bb][\/et_pb_image][\/et_pb_column][\/et_pb_row][et_pb_row _builder_version=\u00bb4.16&#8243; _module_preset=\u00bbdefault\u00bb width=\u00bb84%\u00bb max_width=\u00bb2560px\u00bb global_colors_info=\u00bb{}\u00bb][et_pb_column type=\u00bb4_4&#8243; _builder_version=\u00bb4.16&#8243; _module_preset=\u00bbdefault\u00bb global_colors_info=\u00bb{}\u00bb][et_pb_text _builder_version=\u00bb4.16&#8243; _module_preset=\u00bbdefault\u00bb text_font=\u00bbArchia Regular||||||||\u00bb text_font_size=\u00bb30px\u00bb text_line_height=\u00bb1.4em\u00bb global_colors_info=\u00bb{}\u00bb]<\/p>\n<p>Nuestras oficinas y centros de datos<br \/>cubren cualquier zona horaria, de modo que podemos<br \/>ayudarte est\u00e9s donde est\u00e9s, las 24 horas del d\u00eda.<\/p>\n<p>[\/et_pb_text][\/et_pb_column][\/et_pb_row][\/et_pb_section][et_pb_section fb_built=\u00bb1&#8243; admin_label=\u00bbTexte + Visuel\u00bb _builder_version=\u00bb4.16&#8243; _module_preset=\u00bbdefault\u00bb custom_padding=\u00bb0px||0px||false|false\u00bb global_colors_info=\u00bb{}\u00bb][et_pb_row column_structure=\u00bb1_2,1_2&#8243; use_custom_gutter=\u00bbon\u00bb gutter_width=\u00bb1&#8243; make_equal=\u00bbon\u00bb _builder_version=\u00bb4.16&#8243; _module_preset=\u00bbdefault\u00bb width=\u00bb100%\u00bb max_width=\u00bb2560px\u00bb custom_padding=\u00bb0px||0px||false|false\u00bb global_colors_info=\u00bb{}\u00bb][et_pb_column type=\u00bb1_2&#8243; _builder_version=\u00bb4.16&#8243; _module_preset=\u00bbdefault\u00bb background_color=\u00bb#AABAC7&#8243; custom_padding=\u00bb190px|8%|190px|8%|false|false\u00bb custom_padding_tablet=\u00bb80px|8%|80px||false|false\u00bb custom_padding_phone=\u00bb\u00bb custom_padding_last_edited=\u00bbon|desktop\u00bb global_colors_info=\u00bb{}\u00bb][et_pb_text _builder_version=\u00bb4.16&#8243; _module_preset=\u00bbdefault\u00bb header_2_font_size=\u00bb48px\u00bb global_colors_info=\u00bb{}\u00bb]<\/p>\n<h2>\u00danete a Probance<\/h2>\n<p>[\/et_pb_text][et_pb_text _builder_version=\u00bb4.16&#8243; _module_preset=\u00bbdefault\u00bb width=\u00bb100%\u00bb width_tablet=\u00bb100%\u00bb width_phone=\u00bb\u00bb width_last_edited=\u00bbon|desktop\u00bb global_colors_info=\u00bb{}\u00bb]<\/p>\n<p>Si eres una persona honesta, talentosa, con ambiciones y con una mentalidad orientada a los resultados, nos encantar\u00eda conocerte. Estamos buscando a profesionales de todo el mundo con experiencia demostrable en datos, ventas o marketing.<\/p>\n<p>Da igual d\u00f3nde vivas, tu talento nos interesa. Podr\u00e1s trabajar en una de nuestras oficinas o desde casa.<\/p>\n<p>[\/et_pb_text][et_pb_button button_url=\u00bb@ET-DC@eyJkeW5hbWljIjp0cnVlLCJjb250ZW50IjoicG9zdF9saW5rX3VybF9wYWdlIiwic2V0dGluZ3MiOnsicG9zdF9pZCI6IjIwNyJ9fQ==@\u00bb button_text=\u00bbCont\u00e1ctanos\u00bb button_alignment=\u00bbleft\u00bb module_class=\u00bbhome-btn-first\u00bb _builder_version=\u00bb4.16&#8243; _dynamic_attributes=\u00bbbutton_url\u00bb _module_preset=\u00bbdefault\u00bb custom_button=\u00bbon\u00bb button_text_size=\u00bb18px\u00bb button_text_color=\u00bb#FFFFFF\u00bb button_bg_color=\u00bb#000000&#8243; button_border_width=\u00bb0px\u00bb button_border_color=\u00bbRGBA(0,0,0,0)\u00bb button_border_radius=\u00bb0px\u00bb button_use_icon=\u00bboff\u00bb custom_margin=\u00bb70px||||false|false\u00bb custom_padding=\u00bb30px|60px|30px|90px|false|false\u00bb saved_tabs=\u00bball\u00bb global_colors_info=\u00bb{}\u00bb][\/et_pb_button][\/et_pb_column][et_pb_column type=\u00bb1_2&#8243; _builder_version=\u00bb4.16&#8243; _module_preset=\u00bbdefault\u00bb background_image=\u00bbhttps:\/\/probance.com\/wp-content\/uploads\/2021\/02\/about-visuel-2.jpg\u00bb custom_css_main_element=\u00bbdisplay: flex;||flex-direction: column;||justify-content: center;\u00bb global_colors_info=\u00bb{}\u00bb][\/et_pb_column][\/et_pb_row][\/et_pb_section]<\/p>\n","protected":false},"excerpt":{"rendered":"<p>Acerca de Probance Proporcionamos a peque\u00f1os equipos el marketing automatizado que utilizan las grandes marcas. Probance es la \u00fanica empresa capaz de ofrecer una soluci\u00f3n de marketing automatizado creada desde cero y dise\u00f1ada para implementarse, personalizarse y optimizarse en un tiempo asombroso y a un precio asequible.Nuestra historiaLa clave de un buen marketing es conseguir [&hellip;]<\/p>\n","protected":false},"author":1,"featured_media":0,"parent":0,"menu_order":0,"comment_status":"closed","ping_status":"closed","template":"","meta":{"_et_pb_use_builder":"on","_et_pb_old_content":"","_et_gb_content_width":"","footnotes":""},"class_list":["post-3618","page","type-page","status-publish","hentry"],"yoast_head":"<!-- This site is optimized with the Yoast SEO plugin v26.5 - https:\/\/yoast.com\/wordpress\/plugins\/seo\/ -->\n<title>Con\u00f3cenos - Probance<\/title>\n<meta name=\"robots\" content=\"index, follow, max-snippet:-1, max-image-preview:large, max-video-preview:-1\" \/>\n<link rel=\"canonical\" href=\"https:\/\/probance.com\/about\/\" \/>\n<meta property=\"og:locale\" content=\"es_ES\" \/>\n<meta property=\"og:type\" content=\"article\" \/>\n<meta property=\"og:title\" content=\"Con\u00f3cenos - Probance\" \/>\n<meta property=\"og:description\" content=\"Acerca de Probance Proporcionamos a peque\u00f1os equipos el marketing automatizado que utilizan las grandes marcas. Probance es la \u00fanica empresa capaz de ofrecer una soluci\u00f3n de marketing automatizado creada desde cero y dise\u00f1ada para implementarse, personalizarse y optimizarse en un tiempo asombroso y a un precio asequible.Nuestra historiaLa clave de un buen marketing es conseguir [&hellip;]\" \/>\n<meta property=\"og:url\" content=\"https:\/\/probance.com\/about\/\" \/>\n<meta property=\"og:site_name\" content=\"Probance\" \/>\n<meta property=\"article:modified_time\" content=\"2023-11-23T22:00:23+00:00\" \/>\n<meta name=\"twitter:card\" content=\"summary_large_image\" \/>\n<meta name=\"twitter:label1\" content=\"Tiempo de lectura\" \/>\n\t<meta name=\"twitter:data1\" content=\"8 minutos\" \/>\n<script type=\"application\/ld+json\" class=\"yoast-schema-graph\">{\"@context\":\"https:\/\/schema.org\",\"@graph\":[{\"@type\":\"WebPage\",\"@id\":\"https:\/\/probance.com\/about\/\",\"url\":\"https:\/\/probance.com\/about\/\",\"name\":\"Con\u00f3cenos - Probance\",\"isPartOf\":{\"@id\":\"https:\/\/probance.com\/#website\"},\"datePublished\":\"2021-02-01T20:34:53+00:00\",\"dateModified\":\"2023-11-23T22:00:23+00:00\",\"breadcrumb\":{\"@id\":\"https:\/\/probance.com\/about\/#breadcrumb\"},\"inLanguage\":\"es\",\"potentialAction\":[{\"@type\":\"ReadAction\",\"target\":[\"https:\/\/probance.com\/about\/\"]}]},{\"@type\":\"BreadcrumbList\",\"@id\":\"https:\/\/probance.com\/about\/#breadcrumb\",\"itemListElement\":[{\"@type\":\"ListItem\",\"position\":1,\"name\":\"Home\",\"item\":\"https:\/\/probance.com\/\"},{\"@type\":\"ListItem\",\"position\":2,\"name\":\"Con\u00f3cenos\"}]},{\"@type\":\"WebSite\",\"@id\":\"https:\/\/probance.com\/#website\",\"url\":\"https:\/\/probance.com\/\",\"name\":\"Probance\",\"description\":\"\",\"potentialAction\":[{\"@type\":\"SearchAction\",\"target\":{\"@type\":\"EntryPoint\",\"urlTemplate\":\"https:\/\/probance.com\/?s={search_term_string}\"},\"query-input\":{\"@type\":\"PropertyValueSpecification\",\"valueRequired\":true,\"valueName\":\"search_term_string\"}}],\"inLanguage\":\"es\"}]}<\/script>\n<!-- \/ Yoast SEO plugin. -->","yoast_head_json":{"title":"Con\u00f3cenos - Probance","robots":{"index":"index","follow":"follow","max-snippet":"max-snippet:-1","max-image-preview":"max-image-preview:large","max-video-preview":"max-video-preview:-1"},"canonical":"https:\/\/probance.com\/about\/","og_locale":"es_ES","og_type":"article","og_title":"Con\u00f3cenos - Probance","og_description":"Acerca de Probance Proporcionamos a peque\u00f1os equipos el marketing automatizado que utilizan las grandes marcas. Probance es la \u00fanica empresa capaz de ofrecer una soluci\u00f3n de marketing automatizado creada desde cero y dise\u00f1ada para implementarse, personalizarse y optimizarse en un tiempo asombroso y a un precio asequible.Nuestra historiaLa clave de un buen marketing es conseguir [&hellip;]","og_url":"https:\/\/probance.com\/about\/","og_site_name":"Probance","article_modified_time":"2023-11-23T22:00:23+00:00","twitter_card":"summary_large_image","twitter_misc":{"Tiempo de lectura":"8 minutos"},"schema":{"@context":"https:\/\/schema.org","@graph":[{"@type":"WebPage","@id":"https:\/\/probance.com\/about\/","url":"https:\/\/probance.com\/about\/","name":"Con\u00f3cenos - Probance","isPartOf":{"@id":"https:\/\/probance.com\/#website"},"datePublished":"2021-02-01T20:34:53+00:00","dateModified":"2023-11-23T22:00:23+00:00","breadcrumb":{"@id":"https:\/\/probance.com\/about\/#breadcrumb"},"inLanguage":"es","potentialAction":[{"@type":"ReadAction","target":["https:\/\/probance.com\/about\/"]}]},{"@type":"BreadcrumbList","@id":"https:\/\/probance.com\/about\/#breadcrumb","itemListElement":[{"@type":"ListItem","position":1,"name":"Home","item":"https:\/\/probance.com\/"},{"@type":"ListItem","position":2,"name":"Con\u00f3cenos"}]},{"@type":"WebSite","@id":"https:\/\/probance.com\/#website","url":"https:\/\/probance.com\/","name":"Probance","description":"","potentialAction":[{"@type":"SearchAction","target":{"@type":"EntryPoint","urlTemplate":"https:\/\/probance.com\/?s={search_term_string}"},"query-input":{"@type":"PropertyValueSpecification","valueRequired":true,"valueName":"search_term_string"}}],"inLanguage":"es"}]}},"_links":{"self":[{"href":"https:\/\/probance.com\/es\/wp-json\/wp\/v2\/pages\/3618","targetHints":{"allow":["GET"]}}],"collection":[{"href":"https:\/\/probance.com\/es\/wp-json\/wp\/v2\/pages"}],"about":[{"href":"https:\/\/probance.com\/es\/wp-json\/wp\/v2\/types\/page"}],"author":[{"embeddable":true,"href":"https:\/\/probance.com\/es\/wp-json\/wp\/v2\/users\/1"}],"replies":[{"embeddable":true,"href":"https:\/\/probance.com\/es\/wp-json\/wp\/v2\/comments?post=3618"}],"version-history":[{"count":12,"href":"https:\/\/probance.com\/es\/wp-json\/wp\/v2\/pages\/3618\/revisions"}],"predecessor-version":[{"id":5879,"href":"https:\/\/probance.com\/es\/wp-json\/wp\/v2\/pages\/3618\/revisions\/5879"}],"wp:attachment":[{"href":"https:\/\/probance.com\/es\/wp-json\/wp\/v2\/media?parent=3618"}],"curies":[{"name":"wp","href":"https:\/\/api.w.org\/{rel}","templated":true}]}}