{"id":4713,"date":"2021-10-15T17:44:08","date_gmt":"2021-10-15T17:44:08","guid":{"rendered":"https:\/\/probance.com\/?page_id=4713"},"modified":"2021-10-15T17:44:14","modified_gmt":"2021-10-15T17:44:14","slug":"confirmation-webinar","status":"publish","type":"page","link":"https:\/\/probance.com\/fr\/confirmation-webinar\/","title":{"rendered":"Confirmation Webinar"},"content":{"rendered":"<p>[et_pb_section fb_built=\u00a0\u00bb1&Prime; custom_padding_last_edited=\u00a0\u00bbon|tablet\u00a0\u00bb admin_label=\u00a0\u00bbContenu fond couleur\u00a0\u00bb _builder_version=\u00a0\u00bb4.8.2&Prime; _module_preset=\u00a0\u00bbdefault\u00a0\u00bb background_color=\u00a0\u00bb#D5DFDE\u00a0\u00bb custom_padding=\u00a0\u00bb140px||100px||false|false\u00a0\u00bb custom_padding_tablet=\u00a0\u00bb50px||50px||false|false\u00a0\u00bb custom_padding_phone=\u00a0\u00bb\u00a0\u00bb collapsed=\u00a0\u00bboff\u00a0\u00bb][et_pb_row column_structure=\u00a0\u00bb2_3,1_3&Prime; make_equal=\u00a0\u00bbon\u00a0\u00bb admin_label=\u00a0\u00bbTexte + image\u00a0\u00bb _builder_version=\u00a0\u00bb4.8.2&Prime; _module_preset=\u00a0\u00bbdefault\u00a0\u00bb width=\u00a0\u00bb84%\u00a0\u00bb max_width=\u00a0\u00bb2560px\u00a0\u00bb custom_css_main_element=\u00a0\u00bbalign-items:center;\u00a0\u00bb][et_pb_column type=\u00a0\u00bb2_3&Prime; _builder_version=\u00a0\u00bb4.8.2&Prime; _module_preset=\u00a0\u00bbdefault\u00a0\u00bb][et_pb_text _builder_version=\u00a0\u00bb4.8.2&Prime; _module_preset=\u00a0\u00bbdefault\u00a0\u00bb header_2_font_size=\u00a0\u00bb60px\u00a0\u00bb custom_margin=\u00a0\u00bb||22px|||\u00a0\u00bb]<\/p>\n<h2>Merci !<\/h2>\n<p>[\/et_pb_text][et_pb_text _builder_version=\u00a0\u00bb4.8.2&Prime; _module_preset=\u00a0\u00bbdefault\u00a0\u00bb header_2_font_size=\u00a0\u00bb60px\u00a0\u00bb hover_enabled=\u00a0\u00bb0&Prime; sticky_enabled=\u00a0\u00bb0&Prime;]<\/p>\n<p>Nous avons bien pris en compte votre int\u00e9r\u00eat pour notre webinar, vous allez tr\u00e8s prochainement recevoir une invitation pour l&rsquo;\u00e9v\u00e9nement. A tr\u00e8s vite !<\/p>\n<p>[\/et_pb_text][\/et_pb_column][et_pb_column type=\u00a0\u00bb1_3&Prime; _builder_version=\u00a0\u00bb4.8.2&Prime; _module_preset=\u00a0\u00bbdefault\u00a0\u00bb][et_pb_image src=\u00a0\u00bbhttps:\/\/probance.com\/wp-content\/uploads\/2021\/02\/logo-home.png\u00a0\u00bb title_text=\u00a0\u00bblogo-home\u00a0\u00bb align=\u00a0\u00bbcenter\u00a0\u00bb _builder_version=\u00a0\u00bb4.8.2&Prime; _module_preset=\u00a0\u00bbdefault\u00a0\u00bb][\/et_pb_image][\/et_pb_column][\/et_pb_row][et_pb_row admin_label=\u00a0\u00bbBouton centr\u00e9\u00a0\u00bb _builder_version=\u00a0\u00bb4.8.2&Prime; _module_preset=\u00a0\u00bbdefault\u00a0\u00bb width=\u00a0\u00bb84%\u00a0\u00bb max_width=\u00a0\u00bb2560px\u00a0\u00bb][et_pb_column type=\u00a0\u00bb4_4&Prime; _builder_version=\u00a0\u00bb4.8.2&Prime; _module_preset=\u00a0\u00bbdefault\u00a0\u00bb][\/et_pb_column][\/et_pb_row][\/et_pb_section]<\/p>\n","protected":false},"excerpt":{"rendered":"<p>Merci !Nous avons bien pris en compte votre int\u00e9r\u00eat pour notre webinar, vous allez tr\u00e8s prochainement recevoir une invitation pour l&rsquo;\u00e9v\u00e9nement. A tr\u00e8s vite !<\/p>\n","protected":false},"author":1,"featured_media":0,"parent":0,"menu_order":0,"comment_status":"closed","ping_status":"closed","template":"","meta":{"_et_pb_use_builder":"on","_et_pb_old_content":"","_et_gb_content_width":"","footnotes":""},"class_list":["post-4713","page","type-page","status-publish","hentry"],"yoast_head":"<!-- This site is optimized with the Yoast SEO plugin v26.5 - https:\/\/yoast.com\/wordpress\/plugins\/seo\/ -->\n<title>Confirmation Webinar - Probance<\/title>\n<meta name=\"robots\" content=\"index, follow, max-snippet:-1, max-image-preview:large, max-video-preview:-1\" \/>\n<link rel=\"canonical\" href=\"https:\/\/probance.com\/fr\/confirmation-webinar\/\" \/>\n<meta property=\"og:locale\" content=\"fr_FR\" \/>\n<meta property=\"og:type\" content=\"article\" \/>\n<meta property=\"og:title\" content=\"Confirmation Webinar - Probance\" \/>\n<meta property=\"og:description\" content=\"Merci !Nous avons bien pris en compte votre int\u00e9r\u00eat pour notre webinar, vous allez tr\u00e8s prochainement recevoir une invitation pour l&#039;\u00e9v\u00e9nement. A tr\u00e8s vite !\" \/>\n<meta property=\"og:url\" content=\"https:\/\/probance.com\/fr\/confirmation-webinar\/\" \/>\n<meta property=\"og:site_name\" content=\"Probance\" \/>\n<meta property=\"article:modified_time\" content=\"2021-10-15T17:44:14+00:00\" \/>\n<meta name=\"twitter:card\" content=\"summary_large_image\" \/>\n<meta name=\"twitter:label1\" content=\"Dur\u00e9e de lecture estim\u00e9e\" \/>\n\t<meta name=\"twitter:data1\" content=\"1 minute\" \/>\n<script type=\"application\/ld+json\" class=\"yoast-schema-graph\">{\"@context\":\"https:\/\/schema.org\",\"@graph\":[{\"@type\":\"WebPage\",\"@id\":\"https:\/\/probance.com\/fr\/confirmation-webinar\/\",\"url\":\"https:\/\/probance.com\/fr\/confirmation-webinar\/\",\"name\":\"Confirmation Webinar - Probance\",\"isPartOf\":{\"@id\":\"https:\/\/probance.com\/#website\"},\"datePublished\":\"2021-10-15T17:44:08+00:00\",\"dateModified\":\"2021-10-15T17:44:14+00:00\",\"breadcrumb\":{\"@id\":\"https:\/\/probance.com\/fr\/confirmation-webinar\/#breadcrumb\"},\"inLanguage\":\"fr-FR\",\"potentialAction\":[{\"@type\":\"ReadAction\",\"target\":[\"https:\/\/probance.com\/fr\/confirmation-webinar\/\"]}]},{\"@type\":\"BreadcrumbList\",\"@id\":\"https:\/\/probance.com\/fr\/confirmation-webinar\/#breadcrumb\",\"itemListElement\":[{\"@type\":\"ListItem\",\"position\":1,\"name\":\"Home\",\"item\":\"https:\/\/probance.com\/\"},{\"@type\":\"ListItem\",\"position\":2,\"name\":\"Confirmation Webinar\"}]},{\"@type\":\"WebSite\",\"@id\":\"https:\/\/probance.com\/#website\",\"url\":\"https:\/\/probance.com\/\",\"name\":\"Probance\",\"description\":\"\",\"potentialAction\":[{\"@type\":\"SearchAction\",\"target\":{\"@type\":\"EntryPoint\",\"urlTemplate\":\"https:\/\/probance.com\/?s={search_term_string}\"},\"query-input\":{\"@type\":\"PropertyValueSpecification\",\"valueRequired\":true,\"valueName\":\"search_term_string\"}}],\"inLanguage\":\"fr-FR\"}]}<\/script>\n<!-- \/ Yoast SEO plugin. -->","yoast_head_json":{"title":"Confirmation Webinar - Probance","robots":{"index":"index","follow":"follow","max-snippet":"max-snippet:-1","max-image-preview":"max-image-preview:large","max-video-preview":"max-video-preview:-1"},"canonical":"https:\/\/probance.com\/fr\/confirmation-webinar\/","og_locale":"fr_FR","og_type":"article","og_title":"Confirmation Webinar - Probance","og_description":"Merci !Nous avons bien pris en compte votre int\u00e9r\u00eat pour notre webinar, vous allez tr\u00e8s prochainement recevoir une invitation pour l'\u00e9v\u00e9nement. A tr\u00e8s vite !","og_url":"https:\/\/probance.com\/fr\/confirmation-webinar\/","og_site_name":"Probance","article_modified_time":"2021-10-15T17:44:14+00:00","twitter_card":"summary_large_image","twitter_misc":{"Dur\u00e9e de lecture estim\u00e9e":"1 minute"},"schema":{"@context":"https:\/\/schema.org","@graph":[{"@type":"WebPage","@id":"https:\/\/probance.com\/fr\/confirmation-webinar\/","url":"https:\/\/probance.com\/fr\/confirmation-webinar\/","name":"Confirmation Webinar - Probance","isPartOf":{"@id":"https:\/\/probance.com\/#website"},"datePublished":"2021-10-15T17:44:08+00:00","dateModified":"2021-10-15T17:44:14+00:00","breadcrumb":{"@id":"https:\/\/probance.com\/fr\/confirmation-webinar\/#breadcrumb"},"inLanguage":"fr-FR","potentialAction":[{"@type":"ReadAction","target":["https:\/\/probance.com\/fr\/confirmation-webinar\/"]}]},{"@type":"BreadcrumbList","@id":"https:\/\/probance.com\/fr\/confirmation-webinar\/#breadcrumb","itemListElement":[{"@type":"ListItem","position":1,"name":"Home","item":"https:\/\/probance.com\/"},{"@type":"ListItem","position":2,"name":"Confirmation Webinar"}]},{"@type":"WebSite","@id":"https:\/\/probance.com\/#website","url":"https:\/\/probance.com\/","name":"Probance","description":"","potentialAction":[{"@type":"SearchAction","target":{"@type":"EntryPoint","urlTemplate":"https:\/\/probance.com\/?s={search_term_string}"},"query-input":{"@type":"PropertyValueSpecification","valueRequired":true,"valueName":"search_term_string"}}],"inLanguage":"fr-FR"}]}},"_links":{"self":[{"href":"https:\/\/probance.com\/fr\/wp-json\/wp\/v2\/pages\/4713","targetHints":{"allow":["GET"]}}],"collection":[{"href":"https:\/\/probance.com\/fr\/wp-json\/wp\/v2\/pages"}],"about":[{"href":"https:\/\/probance.com\/fr\/wp-json\/wp\/v2\/types\/page"}],"author":[{"embeddable":true,"href":"https:\/\/probance.com\/fr\/wp-json\/wp\/v2\/users\/1"}],"replies":[{"embeddable":true,"href":"https:\/\/probance.com\/fr\/wp-json\/wp\/v2\/comments?post=4713"}],"version-history":[{"count":2,"href":"https:\/\/probance.com\/fr\/wp-json\/wp\/v2\/pages\/4713\/revisions"}],"predecessor-version":[{"id":4716,"href":"https:\/\/probance.com\/fr\/wp-json\/wp\/v2\/pages\/4713\/revisions\/4716"}],"wp:attachment":[{"href":"https:\/\/probance.com\/fr\/wp-json\/wp\/v2\/media?parent=4713"}],"curies":[{"name":"wp","href":"https:\/\/api.w.org\/{rel}","templated":true}]}}